{"id":95,"date":"2024-04-01T14:05:26","date_gmt":"2024-04-01T17:05:26","guid":{"rendered":"https:\/\/inpev-site-2024.azurewebsites.net\/en\/?page_id=95"},"modified":"2024-04-01T14:07:11","modified_gmt":"2024-04-01T17:07:11","slug":"privacy-policy","status":"publish","type":"page","link":"https:\/\/www.sistemacampolimpo.org.br\/en\/privacy-policy\/","title":{"rendered":"Privacy Policy"},"content":{"rendered":"\n<p>This Privacy Policy was created to inform you about personal information&#8217;s release and its use (information that may be used to identify you as your name, address, e-mail, telephone number, etc). All these datas are given when registering to inpEV&#8217;s website.<\/p>\n\n\n\n<p>inpEV&#8217;s website do not register personal information if you do not voluntarily provide them.<\/p>\n\n\n\n<p>O inpEV n\u00e3o registra suas informa\u00e7\u00f5es pessoais, a n\u00e3o ser que voc\u00ea as forne\u00e7a voluntariamente atrav\u00e9s do cadastramento no nosso site.<\/p>\n\n\n\n<h2 class=\"wp-block-heading\">Your registration details<\/h2>\n\n\n\n<p>Personal informations are used to suit inpEV&#8217;s website to your preferences and provide services in demand besides sending services information. By registering to inpEV&#8217;s website, you can choose to receive some information in your e-mail address.<\/p>\n\n\n<article class=\"see-too\">\r\n    <div class=\"inner-box-border\">\r\n        <p class=\"subtitle\">\r\n            <strong><\/strong>\r\n        <\/p>\r\n        <p>\r\n            <em>\r\n                                    InpEV will not sell you personal information to third parties as well as will not use them without your previous authorization.                            <\/em>\r\n        <\/p>\r\n    <\/div>\r\n<\/article>\n\n\n<div style=\"height:42px\" aria-hidden=\"true\" class=\"wp-block-spacer\"><\/div>\n\n\n\n<h2 class=\"wp-block-heading\">About Security<\/h2>\n\n\n\n<p>InpEV utilizes technical security measures in order to protect your personal information. However, no internet data transference can be considered as totally secure.<\/p>\n\n\n\n<p>As consequence, inpEV, its partner&#8217;s companies, collaborating associates, service&#8217;s providers and its respective employees can not guarantee your registration details to be out of hacker&#8217;s invasion.<\/p>\n\n\n\n<h2 class=\"wp-block-heading\">Especial terms used in this document<\/h2>\n\n\n\n<ul class=\"list\">\n<li>E-mail: electronic message mail send through internet to world wide computer&#8217;s net.<\/li>\n\n\n\n<li>It consists in an internet&#8217;s page conjunct that can be accessed through a unique electronic address.<\/li>\n<\/ul>\n\n\n\n<p>In this Privacy Policy, site is referred to inpEV&#8217;s website.<\/p>\n","protected":false},"excerpt":{"rendered":"<p>This Privacy Policy was created to inform you about personal information&#8217;s release and its use (information that may be used to identify you as your name, address, e-mail, telephone number, etc). All these datas are given when registering to inpEV&#8217;s website. inpEV&#8217;s website do not register personal information if you do not voluntarily provide them. [&hellip;]<\/p>\n","protected":false},"author":1,"featured_media":0,"parent":0,"menu_order":0,"comment_status":"closed","ping_status":"closed","template":"","meta":{"_acf_changed":false,"footnotes":""},"acf":[],"yoast_head":"<!-- This site is optimized with the Yoast SEO plugin v21.6 - https:\/\/yoast.com\/wordpress\/plugins\/seo\/ -->\r\n<title>Privacy Policy - Ingl\u00eas<\/title>\r\n<meta name=\"robots\" content=\"index, follow, max-snippet:-1, max-image-preview:large, max-video-preview:-1\" \/>\r\n<link rel=\"canonical\" href=\"https:\/\/www.sistemacampolimpo.org.br\/en\/privacy-policy\/\" \/>\r\n<meta property=\"og:locale\" content=\"pt_BR\" \/>\r\n<meta property=\"og:type\" content=\"article\" \/>\r\n<meta property=\"og:title\" content=\"Privacy Policy - Ingl\u00eas\" \/>\r\n<meta property=\"og:description\" content=\"This Privacy Policy was created to inform you about personal information&#8217;s release and its use (information that may be used to identify you as your name, address, e-mail, telephone number, etc). All these datas are given when registering to inpEV&#8217;s website. inpEV&#8217;s website do not register personal information if you do not voluntarily provide them. [&hellip;]\" \/>\r\n<meta property=\"og:url\" content=\"https:\/\/www.sistemacampolimpo.org.br\/en\/privacy-policy\/\" \/>\r\n<meta property=\"og:site_name\" content=\"Ingl\u00eas\" \/>\r\n<meta property=\"article:modified_time\" content=\"2024-04-01T17:07:11+00:00\" \/>\r\n<meta property=\"og:image\" content=\"https:\/\/www.sistemacampolimpo.org.br\/en\/wp-content\/uploads\/sites\/2\/2024\/06\/inpev-logo.png\" \/>\r\n\t<meta property=\"og:image:width\" content=\"1200\" \/>\r\n\t<meta property=\"og:image:height\" content=\"541\" \/>\r\n\t<meta property=\"og:image:type\" content=\"image\/png\" \/>\r\n<meta name=\"twitter:card\" content=\"summary_large_image\" \/>\r\n<meta name=\"twitter:label1\" content=\"Est. tempo de leitura\" \/>\n\t<meta name=\"twitter:data1\" content=\"2 minutos\" \/>\r\n<script type=\"application\/ld+json\" class=\"yoast-schema-graph\">{\"@context\":\"https:\/\/schema.org\",\"@graph\":[{\"@type\":\"WebPage\",\"@id\":\"https:\/\/www.sistemacampolimpo.org.br\/en\/privacy-policy\/\",\"url\":\"https:\/\/www.sistemacampolimpo.org.br\/en\/privacy-policy\/\",\"name\":\"Privacy Policy - Ingl\u00eas\",\"isPartOf\":{\"@id\":\"https:\/\/www.sistemacampolimpo.org.br\/en\/#website\"},\"datePublished\":\"2024-04-01T17:05:26+00:00\",\"dateModified\":\"2024-04-01T17:07:11+00:00\",\"breadcrumb\":{\"@id\":\"https:\/\/www.sistemacampolimpo.org.br\/en\/privacy-policy\/#breadcrumb\"},\"inLanguage\":\"pt-BR\",\"potentialAction\":[{\"@type\":\"ReadAction\",\"target\":[\"https:\/\/www.sistemacampolimpo.org.br\/en\/privacy-policy\/\"]}]},{\"@type\":\"BreadcrumbList\",\"@id\":\"https:\/\/www.sistemacampolimpo.org.br\/en\/privacy-policy\/#breadcrumb\",\"itemListElement\":[{\"@type\":\"ListItem\",\"position\":1,\"name\":\"Home\",\"item\":\"https:\/\/www.sistemacampolimpo.org.br\/en\/\"},{\"@type\":\"ListItem\",\"position\":2,\"name\":\"Privacy Policy\"}]},{\"@type\":\"WebSite\",\"@id\":\"https:\/\/www.sistemacampolimpo.org.br\/en\/#website\",\"url\":\"https:\/\/www.sistemacampolimpo.org.br\/en\/\",\"name\":\"inpEV\",\"description\":\"Sistema Campo Limpo\",\"potentialAction\":[{\"@type\":\"SearchAction\",\"target\":{\"@type\":\"EntryPoint\",\"urlTemplate\":\"https:\/\/www.sistemacampolimpo.org.br\/en\/?s={search_term_string}\"},\"query-input\":\"required name=search_term_string\"}],\"inLanguage\":\"pt-BR\"}]}<\/script>\r\n<!-- \/ Yoast SEO plugin. -->","yoast_head_json":{"title":"Privacy Policy - Ingl\u00eas","robots":{"index":"index","follow":"follow","max-snippet":"max-snippet:-1","max-image-preview":"max-image-preview:large","max-video-preview":"max-video-preview:-1"},"canonical":"https:\/\/www.sistemacampolimpo.org.br\/en\/privacy-policy\/","og_locale":"pt_BR","og_type":"article","og_title":"Privacy Policy - Ingl\u00eas","og_description":"This Privacy Policy was created to inform you about personal information&#8217;s release and its use (information that may be used to identify you as your name, address, e-mail, telephone number, etc). All these datas are given when registering to inpEV&#8217;s website. inpEV&#8217;s website do not register personal information if you do not voluntarily provide them. [&hellip;]","og_url":"https:\/\/www.sistemacampolimpo.org.br\/en\/privacy-policy\/","og_site_name":"Ingl\u00eas","article_modified_time":"2024-04-01T17:07:11+00:00","og_image":[{"width":1200,"height":541,"url":"https:\/\/www.sistemacampolimpo.org.br\/en\/wp-content\/uploads\/sites\/2\/2024\/06\/inpev-logo.png","type":"image\/png"}],"twitter_card":"summary_large_image","twitter_misc":{"Est. tempo de leitura":"2 minutos"},"schema":{"@context":"https:\/\/schema.org","@graph":[{"@type":"WebPage","@id":"https:\/\/www.sistemacampolimpo.org.br\/en\/privacy-policy\/","url":"https:\/\/www.sistemacampolimpo.org.br\/en\/privacy-policy\/","name":"Privacy Policy - Ingl\u00eas","isPartOf":{"@id":"https:\/\/www.sistemacampolimpo.org.br\/en\/#website"},"datePublished":"2024-04-01T17:05:26+00:00","dateModified":"2024-04-01T17:07:11+00:00","breadcrumb":{"@id":"https:\/\/www.sistemacampolimpo.org.br\/en\/privacy-policy\/#breadcrumb"},"inLanguage":"pt-BR","potentialAction":[{"@type":"ReadAction","target":["https:\/\/www.sistemacampolimpo.org.br\/en\/privacy-policy\/"]}]},{"@type":"BreadcrumbList","@id":"https:\/\/www.sistemacampolimpo.org.br\/en\/privacy-policy\/#breadcrumb","itemListElement":[{"@type":"ListItem","position":1,"name":"Home","item":"https:\/\/www.sistemacampolimpo.org.br\/en\/"},{"@type":"ListItem","position":2,"name":"Privacy Policy"}]},{"@type":"WebSite","@id":"https:\/\/www.sistemacampolimpo.org.br\/en\/#website","url":"https:\/\/www.sistemacampolimpo.org.br\/en\/","name":"inpEV","description":"Sistema Campo Limpo","potentialAction":[{"@type":"SearchAction","target":{"@type":"EntryPoint","urlTemplate":"https:\/\/www.sistemacampolimpo.org.br\/en\/?s={search_term_string}"},"query-input":"required name=search_term_string"}],"inLanguage":"pt-BR"}]}},"_links":{"self":[{"href":"https:\/\/www.sistemacampolimpo.org.br\/en\/wp-json\/wp\/v2\/pages\/95"}],"collection":[{"href":"https:\/\/www.sistemacampolimpo.org.br\/en\/wp-json\/wp\/v2\/pages"}],"about":[{"href":"https:\/\/www.sistemacampolimpo.org.br\/en\/wp-json\/wp\/v2\/types\/page"}],"author":[{"embeddable":true,"href":"https:\/\/www.sistemacampolimpo.org.br\/en\/wp-json\/wp\/v2\/users\/1"}],"replies":[{"embeddable":true,"href":"https:\/\/www.sistemacampolimpo.org.br\/en\/wp-json\/wp\/v2\/comments?post=95"}],"version-history":[{"count":6,"href":"https:\/\/www.sistemacampolimpo.org.br\/en\/wp-json\/wp\/v2\/pages\/95\/revisions"}],"predecessor-version":[{"id":102,"href":"https:\/\/www.sistemacampolimpo.org.br\/en\/wp-json\/wp\/v2\/pages\/95\/revisions\/102"}],"wp:attachment":[{"href":"https:\/\/www.sistemacampolimpo.org.br\/en\/wp-json\/wp\/v2\/media?parent=95"}],"curies":[{"name":"wp","href":"https:\/\/api.w.org\/{rel}","templated":true}]}}